{"id":16417,"date":"2020-07-17T10:07:25","date_gmt":"2020-07-17T10:07:25","guid":{"rendered":"https:\/\/www.kaevents.it\/?page_id=16417"},"modified":"2020-09-05T09:47:13","modified_gmt":"2020-09-05T09:47:13","slug":"portfolio-dienstleistungen","status":"publish","type":"page","link":"https:\/\/www.kaevents.it\/de\/portfolio-dienstleistungen\/","title":{"rendered":"St\u00e4ndige Innovation"},"content":{"rendered":"","protected":false},"excerpt":{"rendered":"","protected":false},"author":2,"featured_media":0,"parent":0,"menu_order":12,"comment_status":"closed","ping_status":"closed","template":"","meta":[],"yoast_head":"<!-- This site is optimized with the Yoast SEO plugin v15.4 - https:\/\/yoast.com\/wordpress\/plugins\/seo\/ -->\n<title>Ideen f\u00fcr Team-Building und Firmen-Incentive-Aktivit\u00e4ten in ganz Sardinien - KAEVENTS<\/title>\n<meta name=\"description\" content=\"KAEvents ist Ihr Unternehmen f\u00fcr Veranstaltungsmanagement auf Sardinien. KAEvents entwickelt und organisiert innovative Teambuilding-Aktivit\u00e4ten in ganz Sardinien f\u00fcr Firmenveranstaltungen oder Gruppen jeder Gr\u00f6\u00dfe.\" \/>\n<meta name=\"robots\" content=\"index, follow, max-snippet:-1, max-image-preview:large, max-video-preview:-1\" \/>\n<link rel=\"canonical\" href=\"https:\/\/www.kaevents.it\/de\/portfolio-dienstleistungen\/\" \/>\n<meta property=\"og:locale\" content=\"de_DE\" \/>\n<meta property=\"og:type\" content=\"article\" \/>\n<meta property=\"og:title\" content=\"Ideen f\u00fcr Team-Building und Firmen-Incentive-Aktivit\u00e4ten in ganz Sardinien - KAEVENTS\" \/>\n<meta property=\"og:description\" content=\"KAEvents ist Ihr Unternehmen f\u00fcr Veranstaltungsmanagement auf Sardinien. KAEvents entwickelt und organisiert innovative Teambuilding-Aktivit\u00e4ten in ganz Sardinien f\u00fcr Firmenveranstaltungen oder Gruppen jeder Gr\u00f6\u00dfe.\" \/>\n<meta property=\"og:url\" content=\"https:\/\/www.kaevents.it\/de\/portfolio-dienstleistungen\/\" \/>\n<meta property=\"og:site_name\" content=\"KAEVENTS\" \/>\n<meta property=\"article:publisher\" content=\"https:\/\/www.facebook.com\/kestagency\" \/>\n<meta property=\"article:modified_time\" content=\"2020-09-05T09:47:13+00:00\" \/>\n<meta property=\"og:image\" content=\"https:\/\/www.kaevents.it\/wp-content\/uploads\/2020\/07\/KAEVENTS-logo-vert-WW.png\" \/>\n\t<meta property=\"og:image:width\" content=\"300\" \/>\n\t<meta property=\"og:image:height\" content=\"200\" \/>\n<meta name=\"twitter:card\" content=\"summary_large_image\" \/>\n<meta name=\"twitter:label1\" content=\"Verfasst von\">\n\t<meta name=\"twitter:data1\" content=\"admin_user\">\n<script type=\"application\/ld+json\" class=\"yoast-schema-graph\">{\"@context\":\"https:\/\/schema.org\",\"@graph\":[{\"@type\":\"Organization\",\"@id\":\"https:\/\/www.kaevents.it\/#organization\",\"name\":\"Kaevents Srl\",\"url\":\"https:\/\/www.kaevents.it\/\",\"sameAs\":[\"https:\/\/www.facebook.com\/kestagency\",\"https:\/\/www.instagram.com\/kestagency\/\",\"https:\/\/www.linkedin.com\/company\/kesta-srls\/about\/?viewAsMember=true\",\"https:\/\/www.youtube.com\/channel\/UCfiyeBtSJEhG5FDa0HELRtQ\/featured\"],\"logo\":{\"@type\":\"ImageObject\",\"@id\":\"https:\/\/www.kaevents.it\/#logo\",\"inLanguage\":\"de\",\"url\":\"https:\/\/www.kaevents.it\/wp-content\/uploads\/2020\/07\/KAEVENTS-logo-vert-B.png\",\"width\":300,\"height\":200,\"caption\":\"Kaevents Srl\"},\"image\":{\"@id\":\"https:\/\/www.kaevents.it\/#logo\"}},{\"@type\":\"WebSite\",\"@id\":\"https:\/\/www.kaevents.it\/#website\",\"url\":\"https:\/\/www.kaevents.it\/\",\"name\":\"KAEVENTS\",\"description\":\"Team Incentive - Team Building Activities In Sardinia\",\"publisher\":{\"@id\":\"https:\/\/www.kaevents.it\/#organization\"},\"potentialAction\":[{\"@type\":\"SearchAction\",\"target\":\"https:\/\/www.kaevents.it\/?s={search_term_string}\",\"query-input\":\"required name=search_term_string\"}],\"inLanguage\":\"de\"},{\"@type\":\"WebPage\",\"@id\":\"https:\/\/www.kaevents.it\/de\/portfolio-dienstleistungen\/#webpage\",\"url\":\"https:\/\/www.kaevents.it\/de\/portfolio-dienstleistungen\/\",\"name\":\"Ideen f\\u00fcr Team-Building und Firmen-Incentive-Aktivit\\u00e4ten in ganz Sardinien - KAEVENTS\",\"isPartOf\":{\"@id\":\"https:\/\/www.kaevents.it\/#website\"},\"datePublished\":\"2020-07-17T10:07:25+00:00\",\"dateModified\":\"2020-09-05T09:47:13+00:00\",\"description\":\"KAEvents ist Ihr Unternehmen f\\u00fcr Veranstaltungsmanagement auf Sardinien. KAEvents entwickelt und organisiert innovative Teambuilding-Aktivit\\u00e4ten in ganz Sardinien f\\u00fcr Firmenveranstaltungen oder Gruppen jeder Gr\\u00f6\\u00dfe.\",\"inLanguage\":\"de\",\"potentialAction\":[{\"@type\":\"ReadAction\",\"target\":[\"https:\/\/www.kaevents.it\/de\/portfolio-dienstleistungen\/\"]}]}]}<\/script>\n<!-- \/ Yoast SEO plugin. -->","_links":{"self":[{"href":"https:\/\/www.kaevents.it\/de\/wp-json\/wp\/v2\/pages\/16417"}],"collection":[{"href":"https:\/\/www.kaevents.it\/de\/wp-json\/wp\/v2\/pages"}],"about":[{"href":"https:\/\/www.kaevents.it\/de\/wp-json\/wp\/v2\/types\/page"}],"author":[{"embeddable":true,"href":"https:\/\/www.kaevents.it\/de\/wp-json\/wp\/v2\/users\/2"}],"replies":[{"embeddable":true,"href":"https:\/\/www.kaevents.it\/de\/wp-json\/wp\/v2\/comments?post=16417"}],"version-history":[{"count":4,"href":"https:\/\/www.kaevents.it\/de\/wp-json\/wp\/v2\/pages\/16417\/revisions"}],"predecessor-version":[{"id":17227,"href":"https:\/\/www.kaevents.it\/de\/wp-json\/wp\/v2\/pages\/16417\/revisions\/17227"}],"wp:attachment":[{"href":"https:\/\/www.kaevents.it\/de\/wp-json\/wp\/v2\/media?parent=16417"}],"curies":[{"name":"wp","href":"https:\/\/api.w.org\/{rel}","templated":true}]}}