{"id":16497,"date":"2020-07-17T15:03:15","date_gmt":"2020-07-17T15:03:15","guid":{"rendered":"https:\/\/www.kaevents.it\/?page_id=16497"},"modified":"2020-09-05T10:19:54","modified_gmt":"2020-09-05T10:19:54","slug":"uber-uns-kaevents","status":"publish","type":"page","link":"https:\/\/www.kaevents.it\/de\/uber-uns-kaevents\/","title":{"rendered":"\u00dcber uns"},"content":{"rendered":"","protected":false},"excerpt":{"rendered":"","protected":false},"author":2,"featured_media":0,"parent":0,"menu_order":7,"comment_status":"closed","ping_status":"closed","template":"","meta":[],"yoast_head":"<!-- This site is optimized with the Yoast SEO plugin v15.4 - https:\/\/yoast.com\/wordpress\/plugins\/seo\/ -->\n<title>KaEvents - Unternehmen f\u00fcr Veranstaltungsmanagement auf Sardinien<\/title>\n<meta name=\"description\" content=\"KAEvents ist Ihr Unternehmen f\u00fcr Veranstaltungsmanagement auf Sardinien. Wir sind Spezialisten f\u00fcr kreative Team-Building-Aktivit\u00e4ten und f\u00fcr die Schaffung und Umsetzung von Incentive-Projekten f\u00fcr Gruppen und Unternehmen jeder Gr\u00f6\u00dfe.\" \/>\n<meta name=\"robots\" content=\"index, follow, max-snippet:-1, max-image-preview:large, max-video-preview:-1\" \/>\n<link rel=\"canonical\" href=\"https:\/\/www.kaevents.it\/de\/uber-uns-kaevents\/\" \/>\n<meta property=\"og:locale\" content=\"de_DE\" \/>\n<meta property=\"og:type\" content=\"article\" \/>\n<meta property=\"og:title\" content=\"KaEvents - Unternehmen f\u00fcr Veranstaltungsmanagement auf Sardinien\" \/>\n<meta property=\"og:description\" content=\"KAEvents ist Ihr Unternehmen f\u00fcr Veranstaltungsmanagement auf Sardinien. Wir sind Spezialisten f\u00fcr kreative Team-Building-Aktivit\u00e4ten und f\u00fcr die Schaffung und Umsetzung von Incentive-Projekten f\u00fcr Gruppen und Unternehmen jeder Gr\u00f6\u00dfe.\" \/>\n<meta property=\"og:url\" content=\"https:\/\/www.kaevents.it\/de\/uber-uns-kaevents\/\" \/>\n<meta property=\"og:site_name\" content=\"KAEVENTS\" \/>\n<meta property=\"article:publisher\" content=\"https:\/\/www.facebook.com\/kestagency\" \/>\n<meta property=\"article:modified_time\" content=\"2020-09-05T10:19:54+00:00\" \/>\n<meta property=\"og:image\" content=\"https:\/\/www.kaevents.it\/wp-content\/uploads\/2020\/07\/KAEVENTS-logo-vert-WW.png\" \/>\n\t<meta property=\"og:image:width\" content=\"300\" \/>\n\t<meta property=\"og:image:height\" content=\"200\" \/>\n<meta name=\"twitter:card\" content=\"summary_large_image\" \/>\n<meta name=\"twitter:label1\" content=\"Verfasst von\">\n\t<meta name=\"twitter:data1\" content=\"admin_user\">\n<script type=\"application\/ld+json\" class=\"yoast-schema-graph\">{\"@context\":\"https:\/\/schema.org\",\"@graph\":[{\"@type\":\"Organization\",\"@id\":\"https:\/\/www.kaevents.it\/#organization\",\"name\":\"Kaevents Srl\",\"url\":\"https:\/\/www.kaevents.it\/\",\"sameAs\":[\"https:\/\/www.facebook.com\/kestagency\",\"https:\/\/www.instagram.com\/kestagency\/\",\"https:\/\/www.linkedin.com\/company\/kesta-srls\/about\/?viewAsMember=true\",\"https:\/\/www.youtube.com\/channel\/UCfiyeBtSJEhG5FDa0HELRtQ\/featured\"],\"logo\":{\"@type\":\"ImageObject\",\"@id\":\"https:\/\/www.kaevents.it\/#logo\",\"inLanguage\":\"de\",\"url\":\"https:\/\/www.kaevents.it\/wp-content\/uploads\/2020\/07\/KAEVENTS-logo-vert-B.png\",\"width\":300,\"height\":200,\"caption\":\"Kaevents Srl\"},\"image\":{\"@id\":\"https:\/\/www.kaevents.it\/#logo\"}},{\"@type\":\"WebSite\",\"@id\":\"https:\/\/www.kaevents.it\/#website\",\"url\":\"https:\/\/www.kaevents.it\/\",\"name\":\"KAEVENTS\",\"description\":\"Team Incentive - Team Building Activities In Sardinia\",\"publisher\":{\"@id\":\"https:\/\/www.kaevents.it\/#organization\"},\"potentialAction\":[{\"@type\":\"SearchAction\",\"target\":\"https:\/\/www.kaevents.it\/?s={search_term_string}\",\"query-input\":\"required name=search_term_string\"}],\"inLanguage\":\"de\"},{\"@type\":\"WebPage\",\"@id\":\"https:\/\/www.kaevents.it\/de\/uber-uns-kaevents\/#webpage\",\"url\":\"https:\/\/www.kaevents.it\/de\/uber-uns-kaevents\/\",\"name\":\"KaEvents - Unternehmen f\\u00fcr Veranstaltungsmanagement auf Sardinien\",\"isPartOf\":{\"@id\":\"https:\/\/www.kaevents.it\/#website\"},\"datePublished\":\"2020-07-17T15:03:15+00:00\",\"dateModified\":\"2020-09-05T10:19:54+00:00\",\"description\":\"KAEvents ist Ihr Unternehmen f\\u00fcr Veranstaltungsmanagement auf Sardinien. Wir sind Spezialisten f\\u00fcr kreative Team-Building-Aktivit\\u00e4ten und f\\u00fcr die Schaffung und Umsetzung von Incentive-Projekten f\\u00fcr Gruppen und Unternehmen jeder Gr\\u00f6\\u00dfe.\",\"inLanguage\":\"de\",\"potentialAction\":[{\"@type\":\"ReadAction\",\"target\":[\"https:\/\/www.kaevents.it\/de\/uber-uns-kaevents\/\"]}]}]}<\/script>\n<!-- \/ Yoast SEO plugin. -->","_links":{"self":[{"href":"https:\/\/www.kaevents.it\/de\/wp-json\/wp\/v2\/pages\/16497"}],"collection":[{"href":"https:\/\/www.kaevents.it\/de\/wp-json\/wp\/v2\/pages"}],"about":[{"href":"https:\/\/www.kaevents.it\/de\/wp-json\/wp\/v2\/types\/page"}],"author":[{"embeddable":true,"href":"https:\/\/www.kaevents.it\/de\/wp-json\/wp\/v2\/users\/2"}],"replies":[{"embeddable":true,"href":"https:\/\/www.kaevents.it\/de\/wp-json\/wp\/v2\/comments?post=16497"}],"version-history":[{"count":5,"href":"https:\/\/www.kaevents.it\/de\/wp-json\/wp\/v2\/pages\/16497\/revisions"}],"predecessor-version":[{"id":17117,"href":"https:\/\/www.kaevents.it\/de\/wp-json\/wp\/v2\/pages\/16497\/revisions\/17117"}],"wp:attachment":[{"href":"https:\/\/www.kaevents.it\/de\/wp-json\/wp\/v2\/media?parent=16497"}],"curies":[{"name":"wp","href":"https:\/\/api.w.org\/{rel}","templated":true}]}}